{"id":228,"date":"2021-06-24T10:58:58","date_gmt":"2021-06-24T13:58:58","guid":{"rendered":"https:\/\/www.urbanotextil.com.br\/?page_id=228"},"modified":"2026-02-10T07:44:11","modified_gmt":"2026-02-10T10:44:11","slug":"contato","status":"publish","type":"page","link":"https:\/\/www.urbanotextil.com.br\/es\/contato\/","title":{"rendered":"Contacto"},"content":{"rendered":"<div data-elementor-type=\"wp-page\" data-elementor-id=\"228\" class=\"elementor elementor-228\">\n\t\t\t\t<div class=\"elementor-element elementor-element-961555f e-flex e-con-boxed e-con e-parent\" data-id=\"961555f\" data-element_type=\"container\" data-e-type=\"container\">\n\t\t\t\t\t<div class=\"e-con-inner\">\n\t\t\t\t<div class=\"elementor-element elementor-element-2d475ab elementor-widget elementor-widget-heading\" data-id=\"2d475ab\" data-element_type=\"widget\" data-e-type=\"widget\" data-widget_type=\"heading.default\">\n\t\t\t\t<div class=\"elementor-widget-container\">\n\t\t\t\t\t<h1 class=\"elementor-heading-title elementor-size-default\">Envie sua mensagem:<\/h1>\t\t\t\t<\/div>\n\t\t\t\t<\/div>\n\t\t\t\t\t<\/div>\n\t\t\t\t<\/div>\n\t\t<div class=\"elementor-element elementor-element-025d372 e-flex e-con-boxed e-con e-parent\" data-id=\"025d372\" data-element_type=\"container\" data-e-type=\"container\">\n\t\t\t\t\t<div class=\"e-con-inner\">\n\t\t\t\t<div class=\"elementor-element elementor-element-f32c1c0 elementor-widget__width-initial elementor-widget elementor-widget-image\" data-id=\"f32c1c0\" data-element_type=\"widget\" data-e-type=\"widget\" data-widget_type=\"image.default\">\n\t\t\t\t<div class=\"elementor-widget-container\">\n\t\t\t\t\t\t\t\t\t\t\t\t<figure class=\"wp-caption\">\n\t\t\t\t\t\t\t\t\t\t\t<a href=\"https:\/\/api.whatsapp.com\/send?phone=5547992514341\" target=\"_blank\">\n\t\t\t\t\t\t\t<img fetchpriority=\"high\" decoding=\"async\" width=\"300\" height=\"300\" src=\"https:\/\/www.urbanotextil.com.br\/wp-content\/uploads\/2026\/02\/urbano_bot-300x300.png\" class=\"attachment-medium size-medium wp-image-3345\" alt=\"\" srcset=\"https:\/\/www.urbanotextil.com.br\/wp-content\/uploads\/2026\/02\/urbano_bot-300x300.png 300w, https:\/\/www.urbanotextil.com.br\/wp-content\/uploads\/2026\/02\/urbano_bot-150x150.png 150w, https:\/\/www.urbanotextil.com.br\/wp-content\/uploads\/2026\/02\/urbano_bot-12x12.png 12w, https:\/\/www.urbanotextil.com.br\/wp-content\/uploads\/2026\/02\/urbano_bot.png 1024w\" sizes=\"(max-width: 300px) 100vw, 300px\" \/>\t\t\t\t\t\t\t\t<\/a>\n\t\t\t\t\t\t\t\t\t\t\t<figcaption class=\"widget-image-caption wp-caption-text\"><\/figcaption>\n\t\t\t\t\t\t\t\t\t\t<\/figure>\n\t\t\t\t\t\t\t\t\t<\/div>\n\t\t\t\t<\/div>\n\t\t\t\t<div class=\"elementor-element elementor-element-fec3aef elementor-widget elementor-widget-text-editor\" data-id=\"fec3aef\" data-element_type=\"widget\" data-e-type=\"widget\" data-widget_type=\"text-editor.default\">\n\t\t\t\t<div class=\"elementor-widget-container\">\n\t\t\t\t\t\t\t\t\t<p><strong>Atendimento financeiro via WhatsApp<\/strong><\/p><p>Clique no rob\u00f4 para falar sobre boletos, cr\u00e9dito e cobran\u00e7a<\/p><p><a href=\"https:\/\/api.whatsapp.com\/send?phone=5547992514341\"><strong>(47) 999251-4341<\/strong><\/a><\/p>\t\t\t\t\t\t\t\t<\/div>\n\t\t\t\t<\/div>\n\t\t\t\t\t<\/div>\n\t\t\t\t<\/div>\n\t\t<div class=\"elementor-element elementor-element-c5d3ab8 e-flex e-con-boxed e-con e-parent\" data-id=\"c5d3ab8\" data-element_type=\"container\" data-e-type=\"container\">\n\t\t\t\t\t<div class=\"e-con-inner\">\n\t\t\t\t<div class=\"elementor-element elementor-element-b6f3271 elementor-widget elementor-widget-heading\" data-id=\"b6f3271\" data-element_type=\"widget\" data-e-type=\"widget\" data-widget_type=\"heading.default\">\n\t\t\t\t<div class=\"elementor-widget-container\">\n\t\t\t\t\t<h2 class=\"elementor-heading-title elementor-size-default\">O si lo prefiere:<\/h2>\t\t\t\t<\/div>\n\t\t\t\t<\/div>\n\t\t\t\t\t<\/div>\n\t\t\t\t<\/div>\n\t\t<div class=\"elementor-element elementor-element-2700b82 e-flex e-con-boxed e-con e-parent\" data-id=\"2700b82\" data-element_type=\"container\" data-e-type=\"container\">\n\t\t\t\t\t<div class=\"e-con-inner\">\n\t\t\t\t<div class=\"elementor-element elementor-element-5855364 elementor-widget elementor-widget-text-editor\" data-id=\"5855364\" data-element_type=\"widget\" data-e-type=\"widget\" data-widget_type=\"text-editor.default\">\n\t\t\t\t<div class=\"elementor-widget-container\">\n\t\t\t\t\t\t\t\t\t<!-- E-mail -->\n<a class=\"contato-item\" href=\"mailto:comercial@urbanotextil.com.br\">\n<span class=\"icon\">\u2709\ufe0f<\/span> comercial@urbanotextil.com.br\n<\/a>\n\n<\/br>\n\n<!-- Telefone fixo -->\n<a class=\"contato-item\" href=\"tel:+554832673100\">\n<span class=\"icon\">\ud83d\udcde<\/span> (48) 3267-3100\n<\/a>\n\n<\/br>\n\n<!-- WhatsApp -->\n<a class=\"contato-item\" href=\"https:\/\/wa.me\" target=\"_blank\" rel=\"noopener\">\n<span class=\"icon\">\ud83d\udcac<\/span> 48 99934-3194\n<\/a>\t\t\t\t\t\t\t\t<\/div>\n\t\t\t\t<\/div>\n\t\t\t\t\t<\/div>\n\t\t\t\t<\/div>\n\t\t<div class=\"elementor-element elementor-element-e62a887 e-flex e-con-boxed e-con e-parent\" data-id=\"e62a887\" data-element_type=\"container\" data-e-type=\"container\">\n\t\t\t\t\t<div class=\"e-con-inner\">\n\t\t\t\t<div class=\"elementor-element elementor-element-eda22cf elementor-widget elementor-widget-heading\" data-id=\"eda22cf\" data-element_type=\"widget\" data-e-type=\"widget\" data-widget_type=\"heading.default\">\n\t\t\t\t<div class=\"elementor-widget-container\">\n\t\t\t\t\t<h2 class=\"elementor-heading-title elementor-size-default\">Nossa localiza\u00e7\u00e3o:<\/h2>\t\t\t\t<\/div>\n\t\t\t\t<\/div>\n\t\t\t\t\t<\/div>\n\t\t\t\t<\/div>\n\t\t<div class=\"elementor-element elementor-element-3106cda e-flex e-con-boxed e-con e-parent\" data-id=\"3106cda\" data-element_type=\"container\" data-e-type=\"container\">\n\t\t\t\t\t<div class=\"e-con-inner\">\n\t\t\t\t<div class=\"elementor-element elementor-element-4553173 elementor-widget__width-inherit elementor-widget elementor-widget-google_maps\" data-id=\"4553173\" data-element_type=\"widget\" data-e-type=\"widget\" data-widget_type=\"google_maps.default\">\n\t\t\t\t<div class=\"elementor-widget-container\">\n\t\t\t\t\t\t\t<div class=\"elementor-custom-embed\">\n\t\t\t<iframe loading=\"lazy\"\n\t\t\t\t\tsrc=\"https:\/\/maps.google.com\/maps?q=Urbano%20T%C3%AAxtil&#038;t=m&#038;z=12&#038;output=embed&#038;iwloc=near\"\n\t\t\t\t\ttitle=\"Urbano Textil\"\n\t\t\t\t\taria-label=\"Urbano Textil\"\n\t\t\t><\/iframe>\n\t\t<\/div>\n\t\t\t\t\t\t<\/div>\n\t\t\t\t<\/div>\n\t\t\t\t\t<\/div>\n\t\t\t\t<\/div>\n\t\t\t\t<\/div>","protected":false},"excerpt":{"rendered":"<p>Envie sua mensagem: Atendimento financeiro via WhatsApp Clique no rob\u00f4 para falar sobre boletos, cr\u00e9dito e cobran\u00e7a (47) 999251-4341 Ou se preferir: \u2709\ufe0f comercial@urbanotextil.com.br \ud83d\udcde (48) 3267-3100 \ud83d\udcac 48 99934-3194 Nossa localiza\u00e7\u00e3o:<\/p>","protected":false},"author":3,"featured_media":0,"parent":0,"menu_order":7,"comment_status":"closed","ping_status":"closed","template":"templates\/contact.php","meta":{"_coblocks_attr":"","_coblocks_dimensions":"","_coblocks_responsive_height":"","_coblocks_accordion_ie_support":"","footnotes":""},"class_list":["post-228","page","type-page","status-publish","hentry"],"_links":{"self":[{"href":"https:\/\/www.urbanotextil.com.br\/es\/wp-json\/wp\/v2\/pages\/228","targetHints":{"allow":["GET"]}}],"collection":[{"href":"https:\/\/www.urbanotextil.com.br\/es\/wp-json\/wp\/v2\/pages"}],"about":[{"href":"https:\/\/www.urbanotextil.com.br\/es\/wp-json\/wp\/v2\/types\/page"}],"author":[{"embeddable":true,"href":"https:\/\/www.urbanotextil.com.br\/es\/wp-json\/wp\/v2\/users\/3"}],"replies":[{"embeddable":true,"href":"https:\/\/www.urbanotextil.com.br\/es\/wp-json\/wp\/v2\/comments?post=228"}],"version-history":[{"count":124,"href":"https:\/\/www.urbanotextil.com.br\/es\/wp-json\/wp\/v2\/pages\/228\/revisions"}],"predecessor-version":[{"id":3457,"href":"https:\/\/www.urbanotextil.com.br\/es\/wp-json\/wp\/v2\/pages\/228\/revisions\/3457"}],"wp:attachment":[{"href":"https:\/\/www.urbanotextil.com.br\/es\/wp-json\/wp\/v2\/media?parent=228"}],"curies":[{"name":"wp","href":"https:\/\/api.w.org\/{rel}","templated":true}]}}